{"id":12785,"date":"2024-03-29T11:25:11","date_gmt":"2024-03-29T11:25:11","guid":{"rendered":"https:\/\/www.lexis.it\/matteo-zucca\/"},"modified":"2024-06-11T15:09:18","modified_gmt":"2024-06-11T15:09:18","slug":"matteo-zucca","status":"publish","type":"page","link":"https:\/\/www.lexis.it\/en\/matteo-zucca\/","title":{"rendered":"Matteo Zucca"},"content":{"rendered":"\t\t<div data-elementor-type=\"wp-page\" data-elementor-id=\"12785\" class=\"elementor elementor-12785 elementor-12153\">\n\t\t\t\t\t\t<section class=\"elementor-section elementor-top-section elementor-element elementor-element-418c0cf elementor-section-full_width elementor-reverse-mobile elementor-section-height-default elementor-section-height-default\" data-id=\"418c0cf\" data-element_type=\"section\" data-settings=\"{&quot;background_background&quot;:&quot;classic&quot;}\">\n\t\t\t\t\t\t<div class=\"elementor-container elementor-column-gap-no\">\n\t\t\t\t\t<div class=\"elementor-column elementor-col-50 elementor-top-column elementor-element elementor-element-eb29b83\" data-id=\"eb29b83\" data-element_type=\"column\" data-settings=\"{&quot;background_background&quot;:&quot;classic&quot;}\">\n\t\t\t<div class=\"elementor-widget-wrap\">\n\t\t\t\t\t\t\t<\/div>\n\t\t<\/div>\n\t\t\t\t<div class=\"elementor-column elementor-col-50 elementor-top-column elementor-element elementor-element-b63dc00\" data-id=\"b63dc00\" data-element_type=\"column\">\n\t\t\t<div class=\"elementor-widget-wrap elementor-element-populated\">\n\t\t\t\t\t\t<div class=\"elementor-element elementor-element-5098425 elementor-widget elementor-widget-spacer\" data-id=\"5098425\" data-element_type=\"widget\" data-widget_type=\"spacer.default\">\n\t\t\t\t<div class=\"elementor-widget-container\">\n\t\t\t<style>\/*! elementor - v3.20.0 - 11-03-2024 *\/\n.elementor-column .elementor-spacer-inner{height:var(--spacer-size)}.e-con{--container-widget-width:100%}.e-con-inner>.elementor-widget-spacer,.e-con>.elementor-widget-spacer{width:var(--container-widget-width,var(--spacer-size));--align-self:var(--container-widget-align-self,initial);--flex-shrink:0}.e-con-inner>.elementor-widget-spacer>.elementor-widget-container,.e-con>.elementor-widget-spacer>.elementor-widget-container{height:100%;width:100%}.e-con-inner>.elementor-widget-spacer>.elementor-widget-container>.elementor-spacer,.e-con>.elementor-widget-spacer>.elementor-widget-container>.elementor-spacer{height:100%}.e-con-inner>.elementor-widget-spacer>.elementor-widget-container>.elementor-spacer>.elementor-spacer-inner,.e-con>.elementor-widget-spacer>.elementor-widget-container>.elementor-spacer>.elementor-spacer-inner{height:var(--container-widget-height,var(--spacer-size))}.e-con-inner>.elementor-widget-spacer.elementor-widget-empty,.e-con>.elementor-widget-spacer.elementor-widget-empty{position:relative;min-height:22px;min-width:22px}.e-con-inner>.elementor-widget-spacer.elementor-widget-empty .elementor-widget-empty-icon,.e-con>.elementor-widget-spacer.elementor-widget-empty .elementor-widget-empty-icon{position:absolute;top:0;bottom:0;left:0;right:0;margin:auto;padding:0;width:22px;height:22px}<\/style>\t\t<div class=\"elementor-spacer\">\n\t\t\t<div class=\"elementor-spacer-inner\"><\/div>\n\t\t<\/div>\n\t\t\t\t<\/div>\n\t\t\t\t<\/div>\n\t\t\t\t\t<\/div>\n\t\t<\/div>\n\t\t\t\t\t<\/div>\n\t\t<\/section>\n\t\t\t\t<section class=\"elementor-section elementor-top-section elementor-element elementor-element-73d1c9a elementor-section-full_width qodef-elementor-content-grid elementor-section-height-default elementor-section-height-default\" data-id=\"73d1c9a\" data-element_type=\"section\">\n\t\t\t\t\t\t<div class=\"elementor-container elementor-column-gap-no\">\n\t\t\t\t\t<div class=\"elementor-column elementor-col-50 elementor-top-column elementor-element elementor-element-31985ad\" data-id=\"31985ad\" data-element_type=\"column\">\n\t\t\t<div class=\"elementor-widget-wrap elementor-element-populated\">\n\t\t\t\t\t\t<div class=\"elementor-element elementor-element-5c438b4 elementor-widget elementor-widget-leroux_core_section_title\" data-id=\"5c438b4\" data-element_type=\"widget\" data-widget_type=\"leroux_core_section_title.default\">\n\t\t\t\t<div class=\"elementor-widget-container\">\n\t\t\t<div class=\"qodef-shortcode qodef-m  qodef-section-title qodef-alignment--left \">\n\t\t<h2 class=\"qodef-m-title\" >\n\t\t\t\t\tMatteo Zucca \t\t\t<\/h2>\n\t<\/div>\n\t\t<\/div>\n\t\t\t\t<\/div>\n\t\t\t\t<div class=\"elementor-element elementor-element-7c822fe elementor-widget elementor-widget-qi_addons_for_elementor_icon_with_text\" data-id=\"7c822fe\" data-element_type=\"widget\" data-widget_type=\"qi_addons_for_elementor_icon_with_text.default\">\n\t\t\t\t<div class=\"elementor-widget-container\">\n\t\t\t<div class=\"qodef-shortcode qodef-m  qodef-qi-icon-with-text qodef-layout--before-title    qodef--icon-pack\" >\n\t<div class=\"qodef-m-content\">\n\t\t\t<h4 class=\"qodef-m-title\">\n\t\t\t\t\t<a itemprop=\"url\" href=\"mailto:matteo.zucca@lexis.it\" target=\"_self\">\n\t\t\t\t\t<span class=\"qodef-m-title-inner\">\n\t\t\t\t\t\t\t\t\t<span class=\"qodef-m-icon-wrapper\">\n\t\t\t\t\t\t<div class=\"qodef-m-icon-holder\">\n\t<svg aria-hidden=\"true\" class=\"e-font-icon-svg e-fas-envelope\" viewBox=\"0 0 512 512\" xmlns=\"http:\/\/www.w3.org\/2000\/svg\"><path d=\"M502.3 190.8c3.9-3.1 9.7-.2 9.7 4.7V400c0 26.5-21.5 48-48 48H48c-26.5 0-48-21.5-48-48V195.6c0-5 5.7-7.8 9.7-4.7 22.4 17.4 52.1 39.5 154.1 113.6 21.1 15.4 56.7 47.8 92.2 47.6 35.7.3 72-32.8 92.3-47.6 102-74.1 131.6-96.3 154-113.7zM256 320c23.2.4 56.6-29.2 73.4-41.4 132.7-96.3 142.8-104.7 173.4-128.7 5.8-4.5 9.2-11.5 9.2-18.9v-19c0-26.5-21.5-48-48-48H48C21.5 64 0 85.5 0 112v19c0 7.4 3.4 14.3 9.2 18.9 30.6 23.9 40.7 32.4 173.4 128.7 16.8 12.2 50.2 41.8 73.4 41.4z\"><\/path><\/svg><\/div>\n\t\t\t\t\t<\/span>\n\t\t\t\t\t\t\t\t<span class=\"qodef-m-title-text\">\n\t\t\t\t\tmatteo.zucca@lexis.it\t\t\t\t<\/span>\n\t\t\t<\/span>\n\t\t\t\t\t<\/a>\n\t\t\t<\/h4>\n\t\t\t\t\t\t\t<\/div>\n<\/div>\n\t\t<\/div>\n\t\t\t\t<\/div>\n\t\t\t\t<div class=\"elementor-element elementor-element-8e164c4 elementor-widget elementor-widget-text-editor\" data-id=\"8e164c4\" data-element_type=\"widget\" data-widget_type=\"text-editor.default\">\n\t\t\t\t<div class=\"elementor-widget-container\">\n\t\t\t<style>\/*! elementor - v3.20.0 - 11-03-2024 *\/\n.elementor-widget-text-editor.elementor-drop-cap-view-stacked .elementor-drop-cap{background-color:#69727d;color:#fff}.elementor-widget-text-editor.elementor-drop-cap-view-framed .elementor-drop-cap{color:#69727d;border:3px solid;background-color:transparent}.elementor-widget-text-editor:not(.elementor-drop-cap-view-default) .elementor-drop-cap{margin-top:8px}.elementor-widget-text-editor:not(.elementor-drop-cap-view-default) .elementor-drop-cap-letter{width:1em;height:1em}.elementor-widget-text-editor .elementor-drop-cap{float:left;text-align:center;line-height:1;font-size:50px}.elementor-widget-text-editor .elementor-drop-cap-letter{display:inline-block}<\/style>\t\t\t\t<p>Partner<\/p>\t\t\t\t\t\t<\/div>\n\t\t\t\t<\/div>\n\t\t\t\t\t<\/div>\n\t\t<\/div>\n\t\t\t\t<div class=\"elementor-column elementor-col-50 elementor-top-column elementor-element elementor-element-d78ca84 elementor-hidden-tablet elementor-hidden-mobile\" data-id=\"d78ca84\" data-element_type=\"column\">\n\t\t\t<div class=\"elementor-widget-wrap\">\n\t\t\t\t\t\t\t<\/div>\n\t\t<\/div>\n\t\t\t\t\t<\/div>\n\t\t<\/section>\n\t\t\t\t<section class=\"elementor-section elementor-top-section elementor-element elementor-element-fdbcf05 elementor-section-full_width qodef-elementor-content-grid elementor-section-height-default elementor-section-height-default\" data-id=\"fdbcf05\" data-element_type=\"section\">\n\t\t\t\t\t\t<div class=\"elementor-container elementor-column-gap-no\">\n\t\t\t\t\t<div class=\"elementor-column elementor-col-100 elementor-top-column elementor-element elementor-element-0d7c8d4\" data-id=\"0d7c8d4\" data-element_type=\"column\">\n\t\t\t<div class=\"elementor-widget-wrap elementor-element-populated\">\n\t\t\t\t\t\t<div class=\"elementor-element elementor-element-f95510f elementor-widget elementor-widget-text-editor\" data-id=\"f95510f\" data-element_type=\"widget\" data-widget_type=\"text-editor.default\">\n\t\t\t\t<div class=\"elementor-widget-container\">\n\t\t\t\t\t\t\t<p>Dottore commercialista e revisore contabile da oltre vent\u2019anni, affianco alla tradizionale consulenza fiscale e societaria per lo pi\u00f9 rivolta alle societ\u00e0 di capitali, una sempre pi\u00f9 spiccata attenzione ai temi dell\u2019analisi di bilancio, della valutazione di aziende e di partecipazioni e del controllo di gestione, in virt\u00f9 di una mia vera passione per quanto attiene ai numeri.<\/p><p>Assisto realt\u00e0 aziendali che operano in svariati settori industriali e principalmente nel settore chimico -fine e di base-, nella cosmesi, nell\u2019elettronica di consumo.<\/p><p>Ho maturato una specifica expertise in materia di controllo di gestione nelle sue pi\u00f9 diverse declinazioni e oggi mi occupo della realizzazione di sistemi di contabilit\u00e0 analitica, di analisi gestionale, di tesoreria, di budgeting economico e finanziario, di predisposizione di piani pluriennali e business plan, sia per supportare scelte di carattere direzionale sia richieste di finanziamenti, bancari e non, o operazioni di M&amp;A.<\/p><p>Mi sono inoltre specializzato nelle valutazioni di aziende e partecipazioni, rami, CGU e altri asset aziendali nonch\u00e9 nelle operazioni straordinarie per l\u2019espletamento degli obblighi di legge e, infine, nel sempre pi\u00f9 delicato ambito dei test di impairment atti ad accertare la sussistenza di perdite di valore di attivit\u00e0 iscritte in bilancio.<\/p><p>Ricopro incarichi di sindaco effettivo e di revisore legale in societ\u00e0 industriali e di servizi. Sono stato relatore in convegni organizzati dall\u2019ODCEC di Milano e docente presso la Scuola di Alta Formazione SAF dell\u2019ODCEC di Milano nell\u2019ambito del corso di Finanza aziendale per cui ho trattato il tema \u201cLa Matematica Finanziaria per il commercialista\u201d nell\u2019anno 2017. Ho partecipato alla stesura di testi tecnici per importanti Case Editrici quali Il Sole24Ore e Franco Angeli.<\/p>\t\t\t\t\t\t<\/div>\n\t\t\t\t<\/div>\n\t\t\t\t<div class=\"elementor-element elementor-element-8524b54 elementor-widget elementor-widget-leroux_core_vertical_timeline\" data-id=\"8524b54\" data-element_type=\"widget\" data-widget_type=\"leroux_core_vertical_timeline.default\">\n\t\t\t\t<div class=\"elementor-widget-container\">\n\t\t\t<div class=\"qodef-shortcode qodef-m  qodef-vertical-timeline qodef-layout--standard\">\n\t<div class=\"qodef-m-inner\">\n\t\t\t\t\t\t<div class=\"qodef-m-timeline-item\">\n\t\t\t\t\t<div class=\"qodef-m-left\">\n\t\t\t\t\t\t<h6 class=\"qodef-m-left-title\">\n\t\t\t\t\t\t\tIscrizioni\t\t\t\t\t\t<\/h6>\n\t\t\t\t\t\t<p class=\"qodef-m-left-subtitle\">\n\t\t\t\t\t\t\t\t\t\t\t\t\t<\/p>\n\t\t\t\t\t<\/div>\n\t\t\t\t\t<div class=\"qodef-m-center\">\n\t\t\t\t\t\t<span class=\"qodef-m-dot\"><\/span>\n\t\t\t\t\t\t<span class=\"qodef-m-line\"><\/span>\n\t\t\t\t\t<\/div>\n\t\t\t\t\t<div class=\"qodef-m-right\">\n\t\t\t\t\t\t<h4 class=\"qodef-m-right-title\">\n\t\t\t\t\t\t\tRevisore contabile (2003)\t\t\t\t\t\t<\/h4>\n\t\t\t\t\t\t<p class=\"qodef-m-right-text\">\n\t\t\t\t\t\t\t\t\t\t\t\t\t<\/p>\n\t\t\t\t\t<\/div>\n\t\t\t\t<\/div>\n\t\t\t\t\t\t\t<div class=\"qodef-m-timeline-item\">\n\t\t\t\t\t<div class=\"qodef-m-left\">\n\t\t\t\t\t\t<h6 class=\"qodef-m-left-title\">\n\t\t\t\t\t\t\t\t\t\t\t\t\t<\/h6>\n\t\t\t\t\t\t<p class=\"qodef-m-left-subtitle\">\n\t\t\t\t\t\t\t\t\t\t\t\t\t<\/p>\n\t\t\t\t\t<\/div>\n\t\t\t\t\t<div class=\"qodef-m-center\">\n\t\t\t\t\t\t<span class=\"qodef-m-dot\"><\/span>\n\t\t\t\t\t\t<span class=\"qodef-m-line\"><\/span>\n\t\t\t\t\t<\/div>\n\t\t\t\t\t<div class=\"qodef-m-right\">\n\t\t\t\t\t\t<h4 class=\"qodef-m-right-title\">\n\t\t\t\t\t\t\tIscrizione all\u2019albo dei Consulenti Tecnici del Tribunale di Crema (2002)\t\t\t\t\t\t<\/h4>\n\t\t\t\t\t\t<p class=\"qodef-m-right-text\">\n\t\t\t\t\t\t\t\t\t\t\t\t\t<\/p>\n\t\t\t\t\t<\/div>\n\t\t\t\t<\/div>\n\t\t\t\t\t\t\t<div class=\"qodef-m-timeline-item\">\n\t\t\t\t\t<div class=\"qodef-m-left\">\n\t\t\t\t\t\t<h6 class=\"qodef-m-left-title\">\n\t\t\t\t\t\t\t\t\t\t\t\t\t<\/h6>\n\t\t\t\t\t\t<p class=\"qodef-m-left-subtitle\">\n\t\t\t\t\t\t\t\t\t\t\t\t\t<\/p>\n\t\t\t\t\t<\/div>\n\t\t\t\t\t<div class=\"qodef-m-center\">\n\t\t\t\t\t\t<span class=\"qodef-m-dot\"><\/span>\n\t\t\t\t\t\t<span class=\"qodef-m-line\"><\/span>\n\t\t\t\t\t<\/div>\n\t\t\t\t\t<div class=\"qodef-m-right\">\n\t\t\t\t\t\t<h4 class=\"qodef-m-right-title\">\n\t\t\t\t\t\t\tDottore commercialista (2001)\t\t\t\t\t\t<\/h4>\n\t\t\t\t\t\t<p class=\"qodef-m-right-text\">\n\t\t\t\t\t\t\t\t\t\t\t\t\t<\/p>\n\t\t\t\t\t<\/div>\n\t\t\t\t<\/div>\n\t\t\t\t\t\t\t<div class=\"qodef-m-timeline-item\">\n\t\t\t\t\t<div class=\"qodef-m-left\">\n\t\t\t\t\t\t<h6 class=\"qodef-m-left-title\">\n\t\t\t\t\t\t\tFormazione\t\t\t\t\t\t<\/h6>\n\t\t\t\t\t\t<p class=\"qodef-m-left-subtitle\">\n\t\t\t\t\t\t\t\t\t\t\t\t\t<\/p>\n\t\t\t\t\t<\/div>\n\t\t\t\t\t<div class=\"qodef-m-center\">\n\t\t\t\t\t\t<span class=\"qodef-m-dot\"><\/span>\n\t\t\t\t\t\t<span class=\"qodef-m-line\"><\/span>\n\t\t\t\t\t<\/div>\n\t\t\t\t\t<div class=\"qodef-m-right\">\n\t\t\t\t\t\t<h4 class=\"qodef-m-right-title\">\n\t\t\t\t\t\t\tMaster di specializzazione in Controllo di Gestione \u2013 Diploma IPSOA (2013)\t\t\t\t\t\t<\/h4>\n\t\t\t\t\t\t<p class=\"qodef-m-right-text\">\n\t\t\t\t\t\t\t\t\t\t\t\t\t<\/p>\n\t\t\t\t\t<\/div>\n\t\t\t\t<\/div>\n\t\t\t\t\t\t\t<div class=\"qodef-m-timeline-item\">\n\t\t\t\t\t<div class=\"qodef-m-left\">\n\t\t\t\t\t\t<h6 class=\"qodef-m-left-title\">\n\t\t\t\t\t\t\t\t\t\t\t\t\t<\/h6>\n\t\t\t\t\t\t<p class=\"qodef-m-left-subtitle\">\n\t\t\t\t\t\t\t\t\t\t\t\t\t<\/p>\n\t\t\t\t\t<\/div>\n\t\t\t\t\t<div class=\"qodef-m-center\">\n\t\t\t\t\t\t<span class=\"qodef-m-dot\"><\/span>\n\t\t\t\t\t\t<span class=\"qodef-m-line\"><\/span>\n\t\t\t\t\t<\/div>\n\t\t\t\t\t<div class=\"qodef-m-right\">\n\t\t\t\t\t\t<h4 class=\"qodef-m-right-title\">\n\t\t\t\t\t\t\t Laurea in Economia e commercio, Universit\u00e0 Cattolica di Milano (1997)\t\t\t\t\t\t<\/h4>\n\t\t\t\t\t\t<p class=\"qodef-m-right-text\">\n\t\t\t\t\t\t\t\t\t\t\t\t\t<\/p>\n\t\t\t\t\t<\/div>\n\t\t\t\t<\/div>\n\t\t\t\t\t\t\t<div class=\"qodef-m-timeline-item\">\n\t\t\t\t\t<div class=\"qodef-m-left\">\n\t\t\t\t\t\t<h6 class=\"qodef-m-left-title\">\n\t\t\t\t\t\t\tPubblicazioni\t\t\t\t\t\t<\/h6>\n\t\t\t\t\t\t<p class=\"qodef-m-left-subtitle\">\n\t\t\t\t\t\t\t\t\t\t\t\t\t<\/p>\n\t\t\t\t\t<\/div>\n\t\t\t\t\t<div class=\"qodef-m-center\">\n\t\t\t\t\t\t<span class=\"qodef-m-dot\"><\/span>\n\t\t\t\t\t\t<span class=\"qodef-m-line\"><\/span>\n\t\t\t\t\t<\/div>\n\t\t\t\t\t<div class=\"qodef-m-right\">\n\t\t\t\t\t\t<h4 class=\"qodef-m-right-title\">\n\t\t\t\t\t\t\tSindaci &amp; Revisori\t\t\t\t\t\t<\/h4>\n\t\t\t\t\t\t<p class=\"qodef-m-right-text\">\n\t\t\t\t\t\t\tCo-autore del numero 18 \/2008 della rivista\nSole 24 ore, 2008\t\t\t\t\t\t<\/p>\n\t\t\t\t\t<\/div>\n\t\t\t\t<\/div>\n\t\t\t\t\t\t\t<div class=\"qodef-m-timeline-item\">\n\t\t\t\t\t<div class=\"qodef-m-left\">\n\t\t\t\t\t\t<h6 class=\"qodef-m-left-title\">\n\t\t\t\t\t\t\t\t\t\t\t\t\t<\/h6>\n\t\t\t\t\t\t<p class=\"qodef-m-left-subtitle\">\n\t\t\t\t\t\t\t\t\t\t\t\t\t<\/p>\n\t\t\t\t\t<\/div>\n\t\t\t\t\t<div class=\"qodef-m-center\">\n\t\t\t\t\t\t<span class=\"qodef-m-dot\"><\/span>\n\t\t\t\t\t\t<span class=\"qodef-m-line\"><\/span>\n\t\t\t\t\t<\/div>\n\t\t\t\t\t<div class=\"qodef-m-right\">\n\t\t\t\t\t\t<h4 class=\"qodef-m-right-title\">\n\t\t\t\t\t\t\t Le imposte anticipate e differite\t\t\t\t\t\t<\/h4>\n\t\t\t\t\t\t<p class=\"qodef-m-right-text\">\n\t\t\t\t\t\t\tCo-autore del libro Sole 24 ore, 2008\t\t\t\t\t\t<\/p>\n\t\t\t\t\t<\/div>\n\t\t\t\t<\/div>\n\t\t\t\t\t\t\t<div class=\"qodef-m-timeline-item\">\n\t\t\t\t\t<div class=\"qodef-m-left\">\n\t\t\t\t\t\t<h6 class=\"qodef-m-left-title\">\n\t\t\t\t\t\t\t\t\t\t\t\t\t<\/h6>\n\t\t\t\t\t\t<p class=\"qodef-m-left-subtitle\">\n\t\t\t\t\t\t\t\t\t\t\t\t\t<\/p>\n\t\t\t\t\t<\/div>\n\t\t\t\t\t<div class=\"qodef-m-center\">\n\t\t\t\t\t\t<span class=\"qodef-m-dot\"><\/span>\n\t\t\t\t\t\t<span class=\"qodef-m-line\"><\/span>\n\t\t\t\t\t<\/div>\n\t\t\t\t\t<div class=\"qodef-m-right\">\n\t\t\t\t\t\t<h4 class=\"qodef-m-right-title\">\n\t\t\t\t\t\t\tSUMMA bilancio 2008\t\t\t\t\t\t<\/h4>\n\t\t\t\t\t\t<p class=\"qodef-m-right-text\">\n\t\t\t\t\t\t\tCo-autore del testo Sole 24 Ore, 2008\t\t\t\t\t\t<\/p>\n\t\t\t\t\t<\/div>\n\t\t\t\t<\/div>\n\t\t\t\t\t\t\t<div class=\"qodef-m-timeline-item\">\n\t\t\t\t\t<div class=\"qodef-m-left\">\n\t\t\t\t\t\t<h6 class=\"qodef-m-left-title\">\n\t\t\t\t\t\t\t\t\t\t\t\t\t<\/h6>\n\t\t\t\t\t\t<p class=\"qodef-m-left-subtitle\">\n\t\t\t\t\t\t\t\t\t\t\t\t\t<\/p>\n\t\t\t\t\t<\/div>\n\t\t\t\t\t<div class=\"qodef-m-center\">\n\t\t\t\t\t\t<span class=\"qodef-m-dot\"><\/span>\n\t\t\t\t\t\t<span class=\"qodef-m-line\"><\/span>\n\t\t\t\t\t<\/div>\n\t\t\t\t\t<div class=\"qodef-m-right\">\n\t\t\t\t\t\t<h4 class=\"qodef-m-right-title\">\n\t\t\t\t\t\t\tRedazione del bilancio d\u2019esercizio 2008\t\t\t\t\t\t<\/h4>\n\t\t\t\t\t\t<p class=\"qodef-m-right-text\">\n\t\t\t\t\t\t\tCo-autore del testo Sole 24 Ore, 2008\t\t\t\t\t\t<\/p>\n\t\t\t\t\t<\/div>\n\t\t\t\t<\/div>\n\t\t\t\t\t\t\t<div class=\"qodef-m-timeline-item\">\n\t\t\t\t\t<div class=\"qodef-m-left\">\n\t\t\t\t\t\t<h6 class=\"qodef-m-left-title\">\n\t\t\t\t\t\t\t\t\t\t\t\t\t<\/h6>\n\t\t\t\t\t\t<p class=\"qodef-m-left-subtitle\">\n\t\t\t\t\t\t\t\t\t\t\t\t\t<\/p>\n\t\t\t\t\t<\/div>\n\t\t\t\t\t<div class=\"qodef-m-center\">\n\t\t\t\t\t\t<span class=\"qodef-m-dot\"><\/span>\n\t\t\t\t\t\t<span class=\"qodef-m-line\"><\/span>\n\t\t\t\t\t<\/div>\n\t\t\t\t\t<div class=\"qodef-m-right\">\n\t\t\t\t\t\t<h4 class=\"qodef-m-right-title\">\n\t\t\t\t\t\t\tRedazione del bilancio d\u2019esercizio 2007\t\t\t\t\t\t<\/h4>\n\t\t\t\t\t\t<p class=\"qodef-m-right-text\">\n\t\t\t\t\t\t\tCo-autore del testo Sole 24 Ore, 2007\t\t\t\t\t\t<\/p>\n\t\t\t\t\t<\/div>\n\t\t\t\t<\/div>\n\t\t\t\t\t\t\t<div class=\"qodef-m-timeline-item\">\n\t\t\t\t\t<div class=\"qodef-m-left\">\n\t\t\t\t\t\t<h6 class=\"qodef-m-left-title\">\n\t\t\t\t\t\t\t\t\t\t\t\t\t<\/h6>\n\t\t\t\t\t\t<p class=\"qodef-m-left-subtitle\">\n\t\t\t\t\t\t\t\t\t\t\t\t\t<\/p>\n\t\t\t\t\t<\/div>\n\t\t\t\t\t<div class=\"qodef-m-center\">\n\t\t\t\t\t\t<span class=\"qodef-m-dot\"><\/span>\n\t\t\t\t\t\t<span class=\"qodef-m-line\"><\/span>\n\t\t\t\t\t<\/div>\n\t\t\t\t\t<div class=\"qodef-m-right\">\n\t\t\t\t\t\t<h4 class=\"qodef-m-right-title\">\n\t\t\t\t\t\t\tRedazione del bilancio d\u2019esercizio 2006\t\t\t\t\t\t<\/h4>\n\t\t\t\t\t\t<p class=\"qodef-m-right-text\">\n\t\t\t\t\t\t\tCo-autore del testo Sole 24 Ore, 2006\t\t\t\t\t\t<\/p>\n\t\t\t\t\t<\/div>\n\t\t\t\t<\/div>\n\t\t\t\t<\/div>\n    <\/div>\n\t\t<\/div>\n\t\t\t\t<\/div>\n\t\t\t\t\t<\/div>\n\t\t<\/div>\n\t\t\t\t\t<\/div>\n\t\t<\/section>\n\t\t\t\t<\/div>\n\t\t","protected":false},"excerpt":{"rendered":"<p>Matteo Zucca matteo.zucca@lexis.it Partner Dottore commercialista e revisore contabile da oltre vent\u2019anni, affianco alla tradizionale consulenza fiscale e societaria per lo pi\u00f9 rivolta alle societ\u00e0 di capitali, una sempre pi\u00f9 spiccata attenzione ai temi dell\u2019analisi di bilancio, della valutazione di aziende e di partecipazioni e del controllo di gestione, in virt\u00f9 di una mia vera [&hellip;]<\/p>\n","protected":false},"author":1,"featured_media":0,"parent":0,"menu_order":0,"comment_status":"closed","ping_status":"closed","template":"page-full-width.php","meta":{"footnotes":""},"class_list":["post-12785","page","type-page","status-publish","hentry"],"_links":{"self":[{"href":"https:\/\/www.lexis.it\/en\/wp-json\/wp\/v2\/pages\/12785","targetHints":{"allow":["GET"]}}],"collection":[{"href":"https:\/\/www.lexis.it\/en\/wp-json\/wp\/v2\/pages"}],"about":[{"href":"https:\/\/www.lexis.it\/en\/wp-json\/wp\/v2\/types\/page"}],"author":[{"embeddable":true,"href":"https:\/\/www.lexis.it\/en\/wp-json\/wp\/v2\/users\/1"}],"replies":[{"embeddable":true,"href":"https:\/\/www.lexis.it\/en\/wp-json\/wp\/v2\/comments?post=12785"}],"version-history":[{"count":1,"href":"https:\/\/www.lexis.it\/en\/wp-json\/wp\/v2\/pages\/12785\/revisions"}],"predecessor-version":[{"id":12786,"href":"https:\/\/www.lexis.it\/en\/wp-json\/wp\/v2\/pages\/12785\/revisions\/12786"}],"wp:attachment":[{"href":"https:\/\/www.lexis.it\/en\/wp-json\/wp\/v2\/media?parent=12785"}],"curies":[{"name":"wp","href":"https:\/\/api.w.org\/{rel}","templated":true}]}}